{"id":274,"date":"2024-06-21T12:43:13","date_gmt":"2024-06-21T10:43:13","guid":{"rendered":"https:\/\/transgaz.gwwi.eu\/imprint\/"},"modified":"2024-06-27T11:50:24","modified_gmt":"2024-06-27T09:50:24","slug":"imprint","status":"publish","type":"page","link":"https:\/\/transgaz.gwwi.eu\/en\/imprint\/","title":{"rendered":"Imprint"},"content":{"rendered":"<p>[et_pb_section fb_built=&#8221;1&#8243; specialty=&#8221;on&#8221; _builder_version=&#8221;4.25.2&#8243; _module_preset=&#8221;default&#8221; inner_width=&#8221;90%&#8221; inner_max_width=&#8221;90%&#8221; global_colors_info=&#8221;{}&#8221; theme_builder_area=&#8221;post_content&#8221;][et_pb_column type=&#8221;2_3&#8243; specialty_columns=&#8221;2&#8243; _builder_version=&#8221;4.16&#8243; custom_padding=&#8221;|||&#8221; global_colors_info=&#8221;{}&#8221; custom_padding__hover=&#8221;|||&#8221; theme_builder_area=&#8221;post_content&#8221;][et_pb_row_inner _builder_version=&#8221;4.25.2&#8243; _module_preset=&#8221;default&#8221; global_colors_info=&#8221;{}&#8221; theme_builder_area=&#8221;post_content&#8221;][et_pb_column_inner saved_specialty_column_type=&#8221;2_3&#8243; _builder_version=&#8221;4.25.2&#8243; _module_preset=&#8221;default&#8221; global_colors_info=&#8221;{}&#8221; theme_builder_area=&#8221;post_content&#8221;][et_pb_text _builder_version=&#8221;4.25.2&#8243; _module_preset=&#8221;default&#8221; header_font=&#8221;quicksand||||||||&#8221; header_text_color=&#8221;gcid-f83659b3-d32e-47be-acdd-ac4c8bcf67ac&#8221; header_font_size=&#8221;36px&#8221; use_background_color_gradient=&#8221;on&#8221; background_color_gradient_stops=&#8221;#eaeaea 0%|#f7f7f7 100%&#8221; text_orientation=&#8221;center&#8221; custom_padding=&#8221;30px|20px|30px|20px|false|false&#8221; hover_enabled=&#8221;0&#8243; box_shadow_style=&#8221;preset3&#8243; global_colors_info=&#8221;{%22gcid-f83659b3-d32e-47be-acdd-ac4c8bcf67ac%22:%91%22header_text_color%22%93}&#8221; theme_builder_area=&#8221;post_content&#8221; sticky_enabled=&#8221;0&#8243;]<\/p>\n<h1>Imprint<\/h1>\n<p>[\/et_pb_text][\/et_pb_column_inner][\/et_pb_row_inner][et_pb_row_inner _builder_version=&#8221;4.25.2&#8243; _module_preset=&#8221;default&#8221; theme_builder_area=&#8221;post_content&#8221; column_structure=&#8221;1_2,1_2&#8243;][et_pb_column_inner saved_specialty_column_type=&#8221;2_3&#8243; _builder_version=&#8221;4.25.2&#8243; _module_preset=&#8221;default&#8221; type=&#8221;1_2&#8243; theme_builder_area=&#8221;post_content&#8221;][et_pb_text _builder_version=&#8221;4.25.2&#8243; _module_preset=&#8221;default&#8221; theme_builder_area=&#8221;post_content&#8221; global_colors_info=&#8221;{%22gcid-f83659b3-d32e-47be-acdd-ac4c8bcf67ac%22:%91%22header_3_text_color%22%93}&#8221; header_3_text_color=&#8221;gcid-f83659b3-d32e-47be-acdd-ac4c8bcf67ac&#8221; hover_enabled=&#8221;0&#8243; sticky_enabled=&#8221;0&#8243;]<\/p>\n<h3>Transgaz S.A.<\/h3>\n<p>Route des Ch\u00e2taigniers 1<br \/>CH-1816 Chailly-Montreux<\/p>\n<p>Phone: 0041 21 9211192<br \/>Fax: 0041 21 9216393<\/p>\n<p>E-Mail: info@transgaz.ch<\/p>\n<p><strong>Management:<\/strong><\/p>\n<p>Andr\u00e9 Ch\u00e2telain<br \/>Delegate of the Supervisory Board<\/p>\n<p><strong>Registration:<\/strong><\/p>\n<p>f\u00e9d. CH-550-0109621-3 <\/p>\n<p><strong>IDE\/UID:<\/strong><\/p>\n<p>CHE-100.200.918.<\/p>\n<p>[\/et_pb_text][\/et_pb_column_inner][et_pb_column_inner saved_specialty_column_type=&#8221;2_3&#8243; _builder_version=&#8221;4.25.2&#8243; _module_preset=&#8221;default&#8221; type=&#8221;1_2&#8243; theme_builder_area=&#8221;post_content&#8221;][et_pb_text _builder_version=&#8221;4.25.2&#8243; _module_preset=&#8221;default&#8221; theme_builder_area=&#8221;post_content&#8221; global_colors_info=&#8221;{%22gcid-f83659b3-d32e-47be-acdd-ac4c8bcf67ac%22:%91%22link_text_color%22%93}&#8221; link_text_color=&#8221;gcid-f83659b3-d32e-47be-acdd-ac4c8bcf67ac&#8221; hover_enabled=&#8221;0&#8243; sticky_enabled=&#8221;0&#8243;]<\/p>\n<p style=\"line-height: 17.5px; margin-top: 0px; margin-bottom: 0px;\" class=\"Style18\"><strong>Copyright:<\/strong><\/p>\n<p style=\"line-height: 17.5px; margin-bottom: 0px; margin-top: 0px;\" class=\"Style16\">\n<p style=\"line-height: 17.5px; margin-bottom: 0px; margin-top: 0px;\" class=\"Style16\">All rights reserved. The texts and pictures provided on this site are for personal information only. It is prohibited to copy or to publish them in the internet or otherwise.  <\/p>\n<p style=\"line-height: 17.5px; margin-bottom: 0px; margin-top: 0px;\" class=\"Style16\">\n<p style=\"line-height: 17.5px; margin-bottom: 0px; margin-top: 0px;\" class=\"Style18\"><strong>Design and Programming:<\/strong><strong><\/strong><strong><\/strong><\/p>\n<p style=\"line-height: 17.5px; margin-bottom: 0px; margin-top: 0px;\" class=\"Style18\">\n<p style=\"line-height: 17.5px; margin-bottom: 0px; margin-top: 0px;\" class=\"Style18\"><a href=\"https:\/\/www.gute-werbung-will-ich.de\">Gute Werbung Will.ich (Willich \/ DE)<\/a><\/p>\n<p>[\/et_pb_text][\/et_pb_column_inner][\/et_pb_row_inner][\/et_pb_column][et_pb_column type=&#8221;1_3&#8243; _builder_version=&#8221;4.16&#8243; custom_padding=&#8221;|||&#8221; global_colors_info=&#8221;{}&#8221; custom_padding__hover=&#8221;|||&#8221; theme_builder_area=&#8221;post_content&#8221;][et_pb_image src=&#8221;https:\/\/transgaz.gwwi.eu\/wp-content\/uploads\/2024\/06\/waggon-hinten-02_ergebnis.webp&#8221; _builder_version=&#8221;4.25.2&#8243; _module_preset=&#8221;default&#8221; custom_margin=&#8221;||||false|false&#8221; hover_enabled=&#8221;0&#8243; global_colors_info=&#8221;{}&#8221; theme_builder_area=&#8221;post_content&#8221; sticky_enabled=&#8221;0&#8243;][\/et_pb_image][\/et_pb_column][\/et_pb_section]<\/p>\n","protected":false},"excerpt":{"rendered":"<p>ImprintTransgaz S.A. Route des Ch\u00e2taigniers 1CH-1816 Chailly-Montreux Phone: 0041 21 9211192Fax: 0041 21 9216393 E-Mail: info@transgaz.ch Management: Andr\u00e9 Ch\u00e2telainDelegate of the Supervisory Board Registration: f\u00e9d. CH-550-0109621-3 IDE\/UID: CHE-100.200.918.Copyright: All rights reserved. The texts and pictures provided on this site are for personal information only. It is prohibited to copy or to publish them in the internet or otherwise. Design and Programming: Gute Werbung Will.ich (Willich \/ DE)<\/p>\n","protected":false},"author":1,"featured_media":0,"parent":0,"menu_order":0,"comment_status":"closed","ping_status":"closed","template":"","meta":{"_et_pb_use_builder":"on","_et_pb_old_content":"","_et_gb_content_width":"","footnotes":""},"class_list":["post-274","page","type-page","status-publish","hentry"],"yoast_head":"<!-- This site is optimized with the Yoast SEO plugin v27.3 - https:\/\/yoast.com\/product\/yoast-seo-wordpress\/ -->\n<title>Transgaz S.A. &#8226; Imprint<\/title>\n<meta name=\"robots\" content=\"noindex, follow, max-snippet:-1, max-image-preview:large, max-video-preview:-1\" \/>\n<meta property=\"og:locale\" content=\"en_US\" \/>\n<meta property=\"og:type\" content=\"article\" \/>\n<meta property=\"og:title\" content=\"Transgaz S.A. &#8226; Imprint\" \/>\n<meta property=\"og:description\" content=\"ImprintTransgaz S.A. Route des Ch\u00e2taigniers 1CH-1816 Chailly-Montreux Phone: 0041 21 9211192Fax: 0041 21 9216393 E-Mail: info@transgaz.ch Management: Andr\u00e9 Ch\u00e2telainDelegate of the Supervisory Board Registration: f\u00e9d. CH-550-0109621-3 IDE\/UID: CHE-100.200.918.Copyright: All rights reserved. The texts and pictures provided on this site are for personal information only. It is prohibited to copy or to publish them in the internet or otherwise. Design and Programming: Gute Werbung Will.ich (Willich \/ DE)\" \/>\n<meta property=\"og:url\" content=\"https:\/\/transgaz.gwwi.eu\/en\/imprint\/\" \/>\n<meta property=\"og:site_name\" content=\"Transgaz S.A.\" \/>\n<meta property=\"article:modified_time\" content=\"2024-06-27T09:50:24+00:00\" \/>\n<meta name=\"twitter:card\" content=\"summary_large_image\" \/>\n<meta name=\"twitter:label1\" content=\"Est. reading time\" \/>\n\t<meta name=\"twitter:data1\" content=\"2 minutes\" \/>\n<script type=\"application\/ld+json\" class=\"yoast-schema-graph\">{\"@context\":\"https:\\\/\\\/schema.org\",\"@graph\":[{\"@type\":\"WebPage\",\"@id\":\"https:\\\/\\\/transgaz.gwwi.eu\\\/en\\\/imprint\\\/\",\"url\":\"https:\\\/\\\/transgaz.gwwi.eu\\\/en\\\/imprint\\\/\",\"name\":\"Transgaz S.A. &#8226; Imprint\",\"isPartOf\":{\"@id\":\"https:\\\/\\\/transgaz.gwwi.eu\\\/en\\\/#website\"},\"datePublished\":\"2024-06-21T10:43:13+00:00\",\"dateModified\":\"2024-06-27T09:50:24+00:00\",\"breadcrumb\":{\"@id\":\"https:\\\/\\\/transgaz.gwwi.eu\\\/en\\\/imprint\\\/#breadcrumb\"},\"inLanguage\":\"en-US\",\"potentialAction\":[{\"@type\":\"ReadAction\",\"target\":[\"https:\\\/\\\/transgaz.gwwi.eu\\\/en\\\/imprint\\\/\"]}]},{\"@type\":\"BreadcrumbList\",\"@id\":\"https:\\\/\\\/transgaz.gwwi.eu\\\/en\\\/imprint\\\/#breadcrumb\",\"itemListElement\":[{\"@type\":\"ListItem\",\"position\":1,\"name\":\"Startseite\",\"item\":\"https:\\\/\\\/transgaz.gwwi.eu\\\/en\\\/start\\\/\"},{\"@type\":\"ListItem\",\"position\":2,\"name\":\"Imprint\"}]},{\"@type\":\"WebSite\",\"@id\":\"https:\\\/\\\/transgaz.gwwi.eu\\\/en\\\/#website\",\"url\":\"https:\\\/\\\/transgaz.gwwi.eu\\\/en\\\/\",\"name\":\"Transgaz S.A.\",\"description\":\"Kesselwagen-Logistik\",\"potentialAction\":[{\"@type\":\"SearchAction\",\"target\":{\"@type\":\"EntryPoint\",\"urlTemplate\":\"https:\\\/\\\/transgaz.gwwi.eu\\\/en\\\/?s={search_term_string}\"},\"query-input\":{\"@type\":\"PropertyValueSpecification\",\"valueRequired\":true,\"valueName\":\"search_term_string\"}}],\"inLanguage\":\"en-US\"}]}<\/script>\n<!-- \/ Yoast SEO plugin. -->","yoast_head_json":{"title":"Transgaz S.A. &#8226; Imprint","robots":{"index":"noindex","follow":"follow","max-snippet":"max-snippet:-1","max-image-preview":"max-image-preview:large","max-video-preview":"max-video-preview:-1"},"og_locale":"en_US","og_type":"article","og_title":"Transgaz S.A. &#8226; Imprint","og_description":"ImprintTransgaz S.A. Route des Ch\u00e2taigniers 1CH-1816 Chailly-Montreux Phone: 0041 21 9211192Fax: 0041 21 9216393 E-Mail: info@transgaz.ch Management: Andr\u00e9 Ch\u00e2telainDelegate of the Supervisory Board Registration: f\u00e9d. CH-550-0109621-3 IDE\/UID: CHE-100.200.918.Copyright: All rights reserved. The texts and pictures provided on this site are for personal information only. It is prohibited to copy or to publish them in the internet or otherwise. Design and Programming: Gute Werbung Will.ich (Willich \/ DE)","og_url":"https:\/\/transgaz.gwwi.eu\/en\/imprint\/","og_site_name":"Transgaz S.A.","article_modified_time":"2024-06-27T09:50:24+00:00","twitter_card":"summary_large_image","twitter_misc":{"Est. reading time":"2 minutes"},"schema":{"@context":"https:\/\/schema.org","@graph":[{"@type":"WebPage","@id":"https:\/\/transgaz.gwwi.eu\/en\/imprint\/","url":"https:\/\/transgaz.gwwi.eu\/en\/imprint\/","name":"Transgaz S.A. &#8226; Imprint","isPartOf":{"@id":"https:\/\/transgaz.gwwi.eu\/en\/#website"},"datePublished":"2024-06-21T10:43:13+00:00","dateModified":"2024-06-27T09:50:24+00:00","breadcrumb":{"@id":"https:\/\/transgaz.gwwi.eu\/en\/imprint\/#breadcrumb"},"inLanguage":"en-US","potentialAction":[{"@type":"ReadAction","target":["https:\/\/transgaz.gwwi.eu\/en\/imprint\/"]}]},{"@type":"BreadcrumbList","@id":"https:\/\/transgaz.gwwi.eu\/en\/imprint\/#breadcrumb","itemListElement":[{"@type":"ListItem","position":1,"name":"Startseite","item":"https:\/\/transgaz.gwwi.eu\/en\/start\/"},{"@type":"ListItem","position":2,"name":"Imprint"}]},{"@type":"WebSite","@id":"https:\/\/transgaz.gwwi.eu\/en\/#website","url":"https:\/\/transgaz.gwwi.eu\/en\/","name":"Transgaz S.A.","description":"Kesselwagen-Logistik","potentialAction":[{"@type":"SearchAction","target":{"@type":"EntryPoint","urlTemplate":"https:\/\/transgaz.gwwi.eu\/en\/?s={search_term_string}"},"query-input":{"@type":"PropertyValueSpecification","valueRequired":true,"valueName":"search_term_string"}}],"inLanguage":"en-US"}]}},"_links":{"self":[{"href":"https:\/\/transgaz.gwwi.eu\/en\/wp-json\/wp\/v2\/pages\/274","targetHints":{"allow":["GET"]}}],"collection":[{"href":"https:\/\/transgaz.gwwi.eu\/en\/wp-json\/wp\/v2\/pages"}],"about":[{"href":"https:\/\/transgaz.gwwi.eu\/en\/wp-json\/wp\/v2\/types\/page"}],"author":[{"embeddable":true,"href":"https:\/\/transgaz.gwwi.eu\/en\/wp-json\/wp\/v2\/users\/1"}],"replies":[{"embeddable":true,"href":"https:\/\/transgaz.gwwi.eu\/en\/wp-json\/wp\/v2\/comments?post=274"}],"version-history":[{"count":2,"href":"https:\/\/transgaz.gwwi.eu\/en\/wp-json\/wp\/v2\/pages\/274\/revisions"}],"predecessor-version":[{"id":276,"href":"https:\/\/transgaz.gwwi.eu\/en\/wp-json\/wp\/v2\/pages\/274\/revisions\/276"}],"wp:attachment":[{"href":"https:\/\/transgaz.gwwi.eu\/en\/wp-json\/wp\/v2\/media?parent=274"}],"curies":[{"name":"wp","href":"https:\/\/api.w.org\/{rel}","templated":true}]}}