{"id":282,"date":"2024-06-21T09:41:01","date_gmt":"2024-06-21T07:41:01","guid":{"rendered":"https:\/\/transgaz.gwwi.eu\/datenschutzerklaerung\/"},"modified":"2024-06-28T10:02:31","modified_gmt":"2024-06-28T08:02:31","slug":"datenschutzerklaerung","status":"publish","type":"page","link":"https:\/\/transgaz.gwwi.eu\/en\/datenschutzerklaerung\/","title":{"rendered":"Privacy Policy"},"content":{"rendered":"<p>[et_pb_section fb_built=&#8221;1&#8243; specialty=&#8221;on&#8221; _builder_version=&#8221;4.25.2&#8243; _module_preset=&#8221;default&#8221; inner_width=&#8221;90%&#8221; inner_max_width=&#8221;90%&#8221; global_colors_info=&#8221;{}&#8221;][et_pb_column type=&#8221;2_3&#8243; specialty_columns=&#8221;2&#8243; _builder_version=&#8221;4.16&#8243; custom_padding=&#8221;|||&#8221; global_colors_info=&#8221;{}&#8221; custom_padding__hover=&#8221;|||&#8221;][et_pb_row_inner _builder_version=&#8221;4.25.2&#8243; _module_preset=&#8221;default&#8221; global_colors_info=&#8221;{}&#8221;][et_pb_column_inner saved_specialty_column_type=&#8221;2_3&#8243; _builder_version=&#8221;4.25.2&#8243; _module_preset=&#8221;default&#8221; global_colors_info=&#8221;{}&#8221;][et_pb_text _builder_version=&#8221;4.25.2&#8243; _module_preset=&#8221;default&#8221; header_font=&#8221;quicksand||||||||&#8221; header_text_color=&#8221;gcid-f83659b3-d32e-47be-acdd-ac4c8bcf67ac&#8221; header_font_size=&#8221;36px&#8221; use_background_color_gradient=&#8221;on&#8221; background_color_gradient_stops=&#8221;#eaeaea 0%|#f7f7f7 100%&#8221; text_orientation=&#8221;center&#8221; custom_padding=&#8221;30px|20px|30px|20px|false|false&#8221; box_shadow_style=&#8221;preset3&#8243; global_colors_info=&#8221;{%22gcid-f83659b3-d32e-47be-acdd-ac4c8bcf67ac%22:%91%22header_text_color%22%93}&#8221;]<\/p>\n<h1>Datenschutzerkl\u00e4rung<\/h1>\n<p>[\/et_pb_text][\/et_pb_column_inner][\/et_pb_row_inner][et_pb_row_inner _builder_version=&#8221;4.25.2&#8243; _module_preset=&#8221;default&#8221; global_colors_info=&#8221;{}&#8221;][et_pb_column_inner saved_specialty_column_type=&#8221;2_3&#8243; _builder_version=&#8221;4.25.2&#8243; _module_preset=&#8221;default&#8221; global_colors_info=&#8221;{}&#8221;][et_pb_text _builder_version=&#8221;4.25.2&#8243; _module_preset=&#8221;default&#8221; text_font_size=&#8221;16px&#8221; header_3_text_color=&#8221;gcid-f83659b3-d32e-47be-acdd-ac4c8bcf67ac&#8221; global_colors_info=&#8221;{%22gcid-f83659b3-d32e-47be-acdd-ac4c8bcf67ac%22:%91%22header_3_text_color%22%93}&#8221;]<\/p>\n<p>Der Schutz Ihrer Daten hat f\u00fcr uns oberste Priorit\u00e4t und wir informieren Sie gerne, wie wir die Einhaltung der entsprechenden gesetzlichen Regelungen sicherstellen.<\/p>\n<h3>I. Wer ist der Verantwortliche? <\/h3>\n<p>Transgaz S. A., Route des Ch\u00e2taigniers 1, CH-1816 Chailly-Montreux<\/p>\n<p>E-Mail: info@transgaz.ch<\/p>\n<h3>II. Welche Rechte haben Sie?<\/h3>\n<p>Sie haben uns gegen\u00fcber folgende Rechte hinsichtlich der Sie betreffenden personenbezogenen Daten:<\/p>\n<p>&#8211; Recht auf Auskunft (Art. 15 DSGVO),<\/p>\n<p>&#8211; Recht auf Berichtigung (Art. 16 DSGVO),<\/p>\n<p>&#8211; Recht auf L\u00f6schung (Art. 17 DSGVO),<\/p>\n<p>&#8211; Recht auf Einschr\u00e4nkung der Verarbeitung (Art. 18 DSGVO),<\/p>\n<p>&#8211; Recht auf Daten\u00fcbertragbarkeit (Art. 20 DSGVO),<\/p>\n<p>&#8211; Recht auf Widerspruch gegen die Verarbeitung (Art. 21 DSGVO).<\/p>\n<p>Sie k\u00f6nnen sich auch gem. Art 77 DSGVO bei einer Datenschutz-Aufsichtsbeh\u00f6rde \u00fcber uns beschweren. Haben Sie uns eine Einwilligung erteilt, k\u00f6nnen Sie diese jederzeit widerrufen, ohne dass die Rechtm\u00e4\u00dfigkeit der bis zum Widerruf erfolgten Verarbeitung ber\u00fchrt wird.<\/p>\n<h3>III. Zu welchen Zwecken und auf welchen Rechtsgrundlagen verarbeiten wir personenbezogene Daten?<\/h3>\n<p>a) Besuch unserer Website<\/p>\n<p>Beim rein informatorischen Besuch unserer Website, wenn Sie uns also nicht anderweitig Informationen \u00fcbermitteln, erheben wir nur diejenigen personenbezogenen Daten, die uns Ihr Browser \u00fcbermittelt. Dies sind:<\/p>\n<p>&#8211; IP-Adresse Ihres Systems,<\/p>\n<p>&#8211; Datum und Uhrzeit (inkl. Zeitzone) Ihrer Anfrage,<\/p>\n<p>&#8211; Typ, Inhalt und Protokollversion Ihrer Anfrage (konkreter Seitenaufruf),<\/p>\n<p>&#8211; Zugriffsstatus (HTTP-Statuscode) unseres Servers,<\/p>\n<p>&#8211; Gr\u00f6\u00dfe unserer Serverantwort in Bytes,<\/p>\n<p>&#8211; Website, von der die Anfrage kommt (so genannter &#8220;Referrer&#8221; ),<\/p>\n<p>&#8211; Ihr User-Agent (Typ, Version, verwendetes Betriebssystem) und<\/p>\n<p>&#8211; die von Ihnen aufgerufene Domain.<\/p>\n<p>Wir speichern diese Daten auch in Log-Dateien.<\/p>\n<p>Die genannten Daten sind f\u00fcr uns technisch erforderlich, um unsere Website anzuzeigen, die Stabilit\u00e4t und Sicherheit zu gew\u00e4hrleisten und unser Angebot zu optimieren. Rechtsgrundlage ist Art. 6 Abs. 1 lit. f DSGVO, wobei sich unser berechtigtes Interesse aus den oben genannten Zwecken ergibt.<\/p>\n<p>b) E-Mail-Kontakt<\/p>\n<p>Nehmen Sie \u00fcber die von uns angegebenen E-Mail-Adressen Kontakt mit uns auf, speichern wir die von Ihnen \u00fcbermittelten personenbezogenen Daten, um Ihre Anfragen zu beantworten. Ihre Angaben k\u00f6nnen in einem Customer-Relationship-Management System (&#8220;CRM System&#8221;) oder einer vergleichbaren Software gespeichert werden.<\/p>\n<p>Im Zuge des Transports bzw. der Zustellung Ihrer E-Mail werden zudem regelm\u00e4\u00dfig Logdaten erzeugt, die bspw. auch die IP-Adresse des von Ihnen verwendeten E-Mail-Servers enthalten. Diese Logdaten sind f\u00fcr die Sicherstellung des ordnungsgem\u00e4\u00dfen Betriebs unseres E-Mail-Servers notwendig und dienen zudem als Nachweis bei Serverproblemen bzw. Sicherheitsvorf\u00e4llen.<\/p>\n<p>Rechtsgrundlage ist Art. 6 Abs. 1 lit. f DSGVO, wobei sich unser berechtigtes Interesse aus den oben genannten Zwecken ergibt. Zielt die Kontaktaufnahme auf einen Vertragsschluss oder erfolgt die Kontaktaufnahme im Rahmen eines bestehenden Vertragsverh\u00e4ltnisses, ist Rechtsgrundlage Art. 6 Abs. 1 lit. b DSGVO.<\/p>\n<p>Die Daten werden gel\u00f6scht, wenn die Anfrage abschlie\u00dfend bearbeitet wurde, wenn wir nicht gesetzlich zur Aufbewahrung verpflichtet sind oder wir die Daten zur Vertragserf\u00fcllung ben\u00f6tigen. Daneben k\u00f6nnen Sie der Verarbeitung jederzeit widersprechen, wenn die Verarbeitung auf Grund eines berechtigten Interesses erfolgt.<\/p>\n<h3>IV. Bewerberdaten<\/h3>\n<p>\u00dcbermitteln Sie uns Ihre Bewerbung, verarbeiten wir die uns \u00fcbermittelten Daten zur Erf\u00fcllung unserer (vor)vertraglichen Verpflichtungen im Rahmen des Bewerbungsverfahrens. Ist Ihre Bewerbung erfolgreich, verarbeiten wir die Daten zum Zwecke der Durchf\u00fchrung des Besch\u00e4ftigungsverh\u00e4ltnisses weiter.<\/p>\n<p>Rechtsgrundlagen sind Art. 6 Abs. 1 lit. b DSGVO und \u00a7 26 BDSG. \u00dcbermitteln Sie uns freiwillig besondere Kategorien von personenbezogenen Daten, wie z.B. Gesundheitsdaten oder Religionszugeh\u00f6rigkeit, ist Rechtsgrundlage zus\u00e4tzlich Art. 9 Abs. 2 lit. b DSGVO. Ist Ihre Bewerbung nicht erfolgreich, l\u00f6schen wir Ihre Daten nach sp\u00e4testens sechs Monaten. Die Speicherung bis dahin erfolgt zur Beantwortung etwaiger Nachfragen zum Bewerbungsverfahren und zur Erf\u00fcllung unserer Nachweispflichten aus dem AGG. Ziehen Sie Ihre Bewerbung zur\u00fcck, l\u00f6schen wir Ihre Daten sofort.<\/p>\n<h3>V. Cookies<\/h3>\n<p>Wir setzen auf unserer Seite keine Cookies ein.<\/p>\n<p>&nbsp;<\/p>\n<p>Stand: Mai 2018<\/p>\n<p>Die Gesch\u00e4ftsleitung<\/p>\n<p>[\/et_pb_text][\/et_pb_column_inner][\/et_pb_row_inner][\/et_pb_column][et_pb_column type=&#8221;1_3&#8243; _builder_version=&#8221;4.16&#8243; custom_padding=&#8221;|||&#8221; global_colors_info=&#8221;{}&#8221; custom_padding__hover=&#8221;|||&#8221;][et_pb_image src=&#8221;https:\/\/transgaz.gwwi.eu\/wp-content\/uploads\/2024\/06\/Kupplung_ergebnis.webp&#8221; _builder_version=&#8221;4.25.2&#8243; _module_preset=&#8221;default&#8221; custom_margin=&#8221;||||false|false&#8221; sticky_position=&#8221;top&#8221; sticky_offset_top=&#8221;30px&#8221; hover_enabled=&#8221;0&#8243; sticky_position_tablet=&#8221;none&#8221; sticky_position_phone=&#8221;none&#8221; sticky_position_last_edited=&#8221;on|desktop&#8221; global_colors_info=&#8221;{}&#8221; z_index=&#8221;-500&#8243; sticky_enabled=&#8221;0&#8243; sticky_limit_bottom=&#8221;section&#8221; custom_padding=&#8221;||30px||false|false&#8221;][\/et_pb_image][\/et_pb_column][\/et_pb_section]<\/p>\n","protected":false},"excerpt":{"rendered":"<p>Datenschutzerkl\u00e4rungDer Schutz Ihrer Daten hat f\u00fcr uns oberste Priorit\u00e4t und wir informieren Sie gerne, wie wir die Einhaltung der entsprechenden gesetzlichen Regelungen sicherstellen. I. Wer ist der Verantwortliche? Transgaz S. A., Route des Ch\u00e2taigniers 1, CH-1816 Chailly-Montreux E-Mail: info@transgaz.ch II. Welche Rechte haben Sie? Sie haben uns gegen\u00fcber folgende Rechte hinsichtlich der Sie betreffenden personenbezogenen Daten: &#8211; Recht auf Auskunft (Art. 15 DSGVO), &#8211; Recht auf Berichtigung (Art. 16 DSGVO), &#8211; Recht auf L\u00f6schung (Art. 17 DSGVO), &#8211; Recht auf Einschr\u00e4nkung der Verarbeitung (Art. 18 DSGVO), &#8211; Recht auf Daten\u00fcbertragbarkeit (Art. 20 DSGVO), &#8211; Recht auf Widerspruch gegen die Verarbeitung (Art. 21 DSGVO). Sie k\u00f6nnen sich auch gem. Art 77 DSGVO bei einer Datenschutz-Aufsichtsbeh\u00f6rde \u00fcber uns beschweren. Haben Sie uns eine Einwilligung erteilt, k\u00f6nnen Sie diese jederzeit widerrufen, ohne dass die Rechtm\u00e4\u00dfigkeit der bis zum Widerruf erfolgten Verarbeitung ber\u00fchrt wird. III. Zu welchen Zwecken und auf welchen Rechtsgrundlagen verarbeiten wir personenbezogene Daten? a) Besuch unserer Website Beim rein informatorischen Besuch unserer Website, wenn Sie uns also nicht anderweitig Informationen \u00fcbermitteln, erheben wir nur diejenigen personenbezogenen Daten, die uns Ihr Browser \u00fcbermittelt. Dies sind: &#8211; IP-Adresse Ihres Systems, &#8211; Datum und Uhrzeit (inkl. Zeitzone) Ihrer Anfrage, &#8211; Typ, Inhalt und Protokollversion [&hellip;]<\/p>\n","protected":false},"author":1,"featured_media":0,"parent":0,"menu_order":0,"comment_status":"closed","ping_status":"open","template":"","meta":{"_et_pb_use_builder":"on","_et_pb_old_content":"","_et_gb_content_width":"","footnotes":""},"class_list":["post-282","page","type-page","status-publish","hentry"],"yoast_head":"<!-- This site is optimized with the Yoast SEO plugin v27.3 - https:\/\/yoast.com\/product\/yoast-seo-wordpress\/ -->\n<title>Transgaz S.A. &#8226; Privacy Policy<\/title>\n<meta name=\"robots\" content=\"noindex, follow, max-snippet:-1, max-image-preview:large, max-video-preview:-1\" \/>\n<meta property=\"og:locale\" content=\"en_US\" \/>\n<meta property=\"og:type\" content=\"article\" \/>\n<meta property=\"og:title\" content=\"Transgaz S.A. &#8226; Privacy Policy\" \/>\n<meta property=\"og:description\" content=\"Datenschutzerkl\u00e4rungDer Schutz Ihrer Daten hat f\u00fcr uns oberste Priorit\u00e4t und wir informieren Sie gerne, wie wir die Einhaltung der entsprechenden gesetzlichen Regelungen sicherstellen. I. Wer ist der Verantwortliche? Transgaz S. A., Route des Ch\u00e2taigniers 1, CH-1816 Chailly-Montreux E-Mail: info@transgaz.ch II. Welche Rechte haben Sie? Sie haben uns gegen\u00fcber folgende Rechte hinsichtlich der Sie betreffenden personenbezogenen Daten: - Recht auf Auskunft (Art. 15 DSGVO), - Recht auf Berichtigung (Art. 16 DSGVO), - Recht auf L\u00f6schung (Art. 17 DSGVO), - Recht auf Einschr\u00e4nkung der Verarbeitung (Art. 18 DSGVO), - Recht auf Daten\u00fcbertragbarkeit (Art. 20 DSGVO), - Recht auf Widerspruch gegen die Verarbeitung (Art. 21 DSGVO). Sie k\u00f6nnen sich auch gem. Art 77 DSGVO bei einer Datenschutz-Aufsichtsbeh\u00f6rde \u00fcber uns beschweren. Haben Sie uns eine Einwilligung erteilt, k\u00f6nnen Sie diese jederzeit widerrufen, ohne dass die Rechtm\u00e4\u00dfigkeit der bis zum Widerruf erfolgten Verarbeitung ber\u00fchrt wird. III. Zu welchen Zwecken und auf welchen Rechtsgrundlagen verarbeiten wir personenbezogene Daten? a) Besuch unserer Website Beim rein informatorischen Besuch unserer Website, wenn Sie uns also nicht anderweitig Informationen \u00fcbermitteln, erheben wir nur diejenigen personenbezogenen Daten, die uns Ihr Browser \u00fcbermittelt. Dies sind: - IP-Adresse Ihres Systems, - Datum und Uhrzeit (inkl. Zeitzone) Ihrer Anfrage, - Typ, Inhalt und Protokollversion [&hellip;]\" \/>\n<meta property=\"og:url\" content=\"https:\/\/transgaz.gwwi.eu\/en\/datenschutzerklaerung\/\" \/>\n<meta property=\"og:site_name\" content=\"Transgaz S.A.\" \/>\n<meta property=\"article:modified_time\" content=\"2024-06-28T08:02:31+00:00\" \/>\n<meta name=\"twitter:card\" content=\"summary_large_image\" \/>\n<meta name=\"twitter:label1\" content=\"Est. reading time\" \/>\n\t<meta name=\"twitter:data1\" content=\"5 minutes\" \/>\n<script type=\"application\/ld+json\" class=\"yoast-schema-graph\">{\"@context\":\"https:\\\/\\\/schema.org\",\"@graph\":[{\"@type\":\"WebPage\",\"@id\":\"https:\\\/\\\/transgaz.gwwi.eu\\\/en\\\/datenschutzerklaerung\\\/\",\"url\":\"https:\\\/\\\/transgaz.gwwi.eu\\\/en\\\/datenschutzerklaerung\\\/\",\"name\":\"Transgaz S.A. &#8226; Privacy Policy\",\"isPartOf\":{\"@id\":\"https:\\\/\\\/transgaz.gwwi.eu\\\/en\\\/#website\"},\"datePublished\":\"2024-06-21T07:41:01+00:00\",\"dateModified\":\"2024-06-28T08:02:31+00:00\",\"breadcrumb\":{\"@id\":\"https:\\\/\\\/transgaz.gwwi.eu\\\/en\\\/datenschutzerklaerung\\\/#breadcrumb\"},\"inLanguage\":\"en-US\",\"potentialAction\":[{\"@type\":\"ReadAction\",\"target\":[\"https:\\\/\\\/transgaz.gwwi.eu\\\/en\\\/datenschutzerklaerung\\\/\"]}]},{\"@type\":\"BreadcrumbList\",\"@id\":\"https:\\\/\\\/transgaz.gwwi.eu\\\/en\\\/datenschutzerklaerung\\\/#breadcrumb\",\"itemListElement\":[{\"@type\":\"ListItem\",\"position\":1,\"name\":\"Startseite\",\"item\":\"https:\\\/\\\/transgaz.gwwi.eu\\\/en\\\/start\\\/\"},{\"@type\":\"ListItem\",\"position\":2,\"name\":\"Privacy Policy\"}]},{\"@type\":\"WebSite\",\"@id\":\"https:\\\/\\\/transgaz.gwwi.eu\\\/en\\\/#website\",\"url\":\"https:\\\/\\\/transgaz.gwwi.eu\\\/en\\\/\",\"name\":\"Transgaz S.A.\",\"description\":\"Kesselwagen-Logistik\",\"potentialAction\":[{\"@type\":\"SearchAction\",\"target\":{\"@type\":\"EntryPoint\",\"urlTemplate\":\"https:\\\/\\\/transgaz.gwwi.eu\\\/en\\\/?s={search_term_string}\"},\"query-input\":{\"@type\":\"PropertyValueSpecification\",\"valueRequired\":true,\"valueName\":\"search_term_string\"}}],\"inLanguage\":\"en-US\"}]}<\/script>\n<!-- \/ Yoast SEO plugin. -->","yoast_head_json":{"title":"Transgaz S.A. &#8226; Privacy Policy","robots":{"index":"noindex","follow":"follow","max-snippet":"max-snippet:-1","max-image-preview":"max-image-preview:large","max-video-preview":"max-video-preview:-1"},"og_locale":"en_US","og_type":"article","og_title":"Transgaz S.A. &#8226; Privacy Policy","og_description":"Datenschutzerkl\u00e4rungDer Schutz Ihrer Daten hat f\u00fcr uns oberste Priorit\u00e4t und wir informieren Sie gerne, wie wir die Einhaltung der entsprechenden gesetzlichen Regelungen sicherstellen. I. Wer ist der Verantwortliche? Transgaz S. A., Route des Ch\u00e2taigniers 1, CH-1816 Chailly-Montreux E-Mail: info@transgaz.ch II. Welche Rechte haben Sie? Sie haben uns gegen\u00fcber folgende Rechte hinsichtlich der Sie betreffenden personenbezogenen Daten: - Recht auf Auskunft (Art. 15 DSGVO), - Recht auf Berichtigung (Art. 16 DSGVO), - Recht auf L\u00f6schung (Art. 17 DSGVO), - Recht auf Einschr\u00e4nkung der Verarbeitung (Art. 18 DSGVO), - Recht auf Daten\u00fcbertragbarkeit (Art. 20 DSGVO), - Recht auf Widerspruch gegen die Verarbeitung (Art. 21 DSGVO). Sie k\u00f6nnen sich auch gem. Art 77 DSGVO bei einer Datenschutz-Aufsichtsbeh\u00f6rde \u00fcber uns beschweren. Haben Sie uns eine Einwilligung erteilt, k\u00f6nnen Sie diese jederzeit widerrufen, ohne dass die Rechtm\u00e4\u00dfigkeit der bis zum Widerruf erfolgten Verarbeitung ber\u00fchrt wird. III. Zu welchen Zwecken und auf welchen Rechtsgrundlagen verarbeiten wir personenbezogene Daten? a) Besuch unserer Website Beim rein informatorischen Besuch unserer Website, wenn Sie uns also nicht anderweitig Informationen \u00fcbermitteln, erheben wir nur diejenigen personenbezogenen Daten, die uns Ihr Browser \u00fcbermittelt. Dies sind: - IP-Adresse Ihres Systems, - Datum und Uhrzeit (inkl. Zeitzone) Ihrer Anfrage, - Typ, Inhalt und Protokollversion [&hellip;]","og_url":"https:\/\/transgaz.gwwi.eu\/en\/datenschutzerklaerung\/","og_site_name":"Transgaz S.A.","article_modified_time":"2024-06-28T08:02:31+00:00","twitter_card":"summary_large_image","twitter_misc":{"Est. reading time":"5 minutes"},"schema":{"@context":"https:\/\/schema.org","@graph":[{"@type":"WebPage","@id":"https:\/\/transgaz.gwwi.eu\/en\/datenschutzerklaerung\/","url":"https:\/\/transgaz.gwwi.eu\/en\/datenschutzerklaerung\/","name":"Transgaz S.A. &#8226; Privacy Policy","isPartOf":{"@id":"https:\/\/transgaz.gwwi.eu\/en\/#website"},"datePublished":"2024-06-21T07:41:01+00:00","dateModified":"2024-06-28T08:02:31+00:00","breadcrumb":{"@id":"https:\/\/transgaz.gwwi.eu\/en\/datenschutzerklaerung\/#breadcrumb"},"inLanguage":"en-US","potentialAction":[{"@type":"ReadAction","target":["https:\/\/transgaz.gwwi.eu\/en\/datenschutzerklaerung\/"]}]},{"@type":"BreadcrumbList","@id":"https:\/\/transgaz.gwwi.eu\/en\/datenschutzerklaerung\/#breadcrumb","itemListElement":[{"@type":"ListItem","position":1,"name":"Startseite","item":"https:\/\/transgaz.gwwi.eu\/en\/start\/"},{"@type":"ListItem","position":2,"name":"Privacy Policy"}]},{"@type":"WebSite","@id":"https:\/\/transgaz.gwwi.eu\/en\/#website","url":"https:\/\/transgaz.gwwi.eu\/en\/","name":"Transgaz S.A.","description":"Kesselwagen-Logistik","potentialAction":[{"@type":"SearchAction","target":{"@type":"EntryPoint","urlTemplate":"https:\/\/transgaz.gwwi.eu\/en\/?s={search_term_string}"},"query-input":{"@type":"PropertyValueSpecification","valueRequired":true,"valueName":"search_term_string"}}],"inLanguage":"en-US"}]}},"_links":{"self":[{"href":"https:\/\/transgaz.gwwi.eu\/en\/wp-json\/wp\/v2\/pages\/282","targetHints":{"allow":["GET"]}}],"collection":[{"href":"https:\/\/transgaz.gwwi.eu\/en\/wp-json\/wp\/v2\/pages"}],"about":[{"href":"https:\/\/transgaz.gwwi.eu\/en\/wp-json\/wp\/v2\/types\/page"}],"author":[{"embeddable":true,"href":"https:\/\/transgaz.gwwi.eu\/en\/wp-json\/wp\/v2\/users\/1"}],"replies":[{"embeddable":true,"href":"https:\/\/transgaz.gwwi.eu\/en\/wp-json\/wp\/v2\/comments?post=282"}],"version-history":[{"count":19,"href":"https:\/\/transgaz.gwwi.eu\/en\/wp-json\/wp\/v2\/pages\/282\/revisions"}],"predecessor-version":[{"id":325,"href":"https:\/\/transgaz.gwwi.eu\/en\/wp-json\/wp\/v2\/pages\/282\/revisions\/325"}],"wp:attachment":[{"href":"https:\/\/transgaz.gwwi.eu\/en\/wp-json\/wp\/v2\/media?parent=282"}],"curies":[{"name":"wp","href":"https:\/\/api.w.org\/{rel}","templated":true}]}}